{"id":314,"date":"2018-09-13T15:22:16","date_gmt":"2018-09-13T13:22:16","guid":{"rendered":"https:\/\/nichtraucherin30tagen.de\/mobile\/?page_id=314"},"modified":"2018-09-13T15:22:16","modified_gmt":"2018-09-13T13:22:16","slug":"dsgvo-datenschtuz","status":"publish","type":"page","link":"https:\/\/nichtraucherin30tagen.de\/mobile\/?page_id=314","title":{"rendered":"DSGVO Datenschtuz"},"content":{"rendered":"<p><strong>DSGVO Datenschutz<\/strong><\/p>\n<p>Die Betreiber dieser Seiten nehmen den Schutz Ihrer pers\u00f6nlichen Daten sehr ernst. Wir behandeln Ihre personenbezogenen Daten vertraulich und entsprechend der gesetzlichen Datenschutzvorschriften sowie dieser Datenschutzerkl\u00e4rung.<\/p>\n<p>Die Nutzung unserer Website ist in der Regel ohne Angabe personenbezogener Daten m\u00f6glich. Soweit auf unseren Seiten personenbezogene Daten (beispielsweise Name, Anschrift oder E-Mail-Adressen) erhoben werden, erfolgt dies, soweit m\u00f6glich, stets auf freiwilliger Basis. Diese Daten werden ohne Ihre ausdr\u00fcckliche Zustimmung nicht an Dritte weitergegeben.<\/p>\n<p>Wir weisen darauf hin, dass die Daten\u00fcbertragung im Internet (z.B. bei der Kommunikation per E-Mail) Sicherheitsl\u00fccken aufweisen kann. Ein l\u00fcckenloser Schutz der Daten vor dem Zugriff durch Dritte ist nicht m\u00f6glich.<\/p>\n<p><strong>Cookies<\/strong><\/p>\n<p>Die Internetseiten verwenden teilweise so genannte Cookies. Cookies richten auf Ihrem Rechner keinen Schaden an und enthalten keine Viren. Cookies dienen dazu, unser Angebot nutzerfreundlicher, effektiver und sicherer zu machen. Cookies sind kleine Textdateien, die auf Ihrem Rechner abgelegt werden und die Ihr Browser speichert.<\/p>\n<p>Die meisten der von uns verwendeten Cookies sind so genannte \u201eSession-Cookies\u201c. Sie werden nach Ende Ihres Besuchs automatisch gel\u00f6scht. Andere Cookies bleiben auf Ihrem Endger\u00e4t gespeichert, bis Sie diese l\u00f6schen. Diese Cookies erm\u00f6glichen es uns, Ihren Browser beim n\u00e4chsten Besuch wiederzuerkennen.<\/p>\n<p>Sie k\u00f6nnen Ihren Browser so einstellen, dass Sie \u00fcber das Setzen von Cookies informiert werden und Cookies nur im Einzelfall erlauben, die Annahme von Cookies f\u00fcr bestimmte F\u00e4lle oder generell ausschlie\u00dfen sowie das automatische L\u00f6schen der Cookies beim Schlie\u00dfen des Browser aktivieren. Bei der Deaktivierung von Cookies kann die Funktionalit\u00e4t dieser Website eingeschr\u00e4nkt sein.<\/p>\n<p><strong>Server-Log- Files<\/strong><\/p>\n<p>Der Provider der Seiten erhebt und speichert automatisch Informationen in so genannten Server-Log Files, die Ihr Browser automatisch an uns \u00fcbermittelt. Dies sind:<\/p>\n<p>Browsertyp und Browserversion<br \/>\nverwendetes Betriebssystem<br \/>\nReferrer URL<br \/>\nHostname des zugreifenden Rechners<br \/>\nUhrzeit der Serveranfrage<\/p>\n<p>Diese Daten sind nicht bestimmten Personen zuordenbar. Eine Zusammenf\u00fchrung dieser Daten mit anderen Datenquellen wird nicht vorgenommen. Wir behalten uns vor, diese Daten nachtr\u00e4glich zu pr\u00fcfen, wenn uns konkrete Anhaltspunkte f\u00fcr eine rechtswidrige Nutzung bekannt werden.<\/p>\n<p><strong>Kontaktformular<\/strong><\/p>\n<p>Wenn Sie uns per Kontaktformular Anfragen zukommen lassen, werden Ihre Angaben aus dem Anfrageformular inklusive der von Ihnen dort angegebenen Kontaktdaten zwecks Bearbeitung der Anfrage und f\u00fcr den Fall von Anschlussfragen bei uns gespeichert. Diese Daten geben wir nicht ohne Ihre Einwilligung weiter.<\/p>\n<p><strong>Facebook-Plugins (Like-Button)<\/strong><\/p>\n<p>Auf unseren Seiten sind Plugins des sozialen Netzwerks Facebook, Anbieter Facebook Inc., 1 Hacker Way, Menlo Park, California 94025, USA, integriert. Die Facebook-Plugins erkennen Sie an dem Facebook-Logo oder dem &#8220;Like-Button&#8221; (&#8220;Gef\u00e4llt mir&#8221;) auf unserer Seite. Eine \u00dcbersicht \u00fcber die Facebook-Plugins finden Sie hier: https:\/\/developers.facebook.com\/docs\/plugins\/.<\/p>\n<p>Wenn Sie unsere Seiten besuchen, wird \u00fcber das Plugin eine direkte Verbindung zwischen Ihrem Browser und dem Facebook-Server hergestellt. Facebook erh\u00e4lt dadurch die Information, dass Sie mit Ihrer IPAdresse unsere Seite besucht haben. Wenn Sie den Facebook &#8220;Like-Button&#8221; anklicken w\u00e4hrend Sie in Ihrem Facebook-Account eingeloggt sind, k\u00f6nnen Sie die Inhalte unserer Seiten auf Ihrem Facebook-Profil verlinken. Dadurch kann Facebook den Besuch unserer Seiten Ihrem Benutzerkonto zuordnen. Wir weisen darauf hin, dass wir als Anbieter der Seiten keine Kenntnis vom Inhalt der \u00fcbermittelten Daten sowie deren Nutzung durch Facebook erhalten. Weitere Informationen hierzu finden Sie in der Datenschutzerkl\u00e4rung von Facebook unter https:\/\/de-de.facebook.com\/policy.php.<\/p>\n<p>Wenn Sie nicht w\u00fcnschen, dass Facebook den Besuch unserer Seiten Ihrem Facebook-Nutzerkonto zuordnen kann, loggen Sie sich bitte aus Ihrem Facebook-Benutzerkonto aus.<\/p>\n<p><strong>Twitter<\/strong><\/p>\n<p>Auf unseren Seiten sind Funktionen des Dienstes Twitter eingebunden. Diese Funktionen werden angeboten durch die Twitter Inc., 1355 Market Street, Suite 900, San Francisco, CA 94103, USA. Durch das Benutzen von Twitter und der Funktion &#8220;Re-Tweet&#8221; werden die von Ihnen besuchten Websites mit Ihrem Twitter-Account verkn\u00fcpft und anderen Nutzern bekannt gegeben. Dabei werden auch Daten an Twitter \u00fcbertragen. Wir weisen darauf hin, dass wir als Anbieter der Seiten keine Kenntnis vom Inhalt der \u00fcbermittelten Daten sowie deren Nutzung durch Twitter erhalten. Weitere Informationen hierzu finden Sie in der Datenschutzerkl\u00e4rung von Twitter unter https:\/\/twitter.com\/privacy.<\/p>\n<p>Ihre Datenschutzeinstellungen bei Twitter k\u00f6nnen Sie in den Konto-Einstellungen unter: https:\/\/twitter.com\/account\/settings \u00e4ndern.<\/p>\n<p><strong>Google+<\/strong><\/p>\n<p>Unsere Seiten nutzen Funktionen von Google+. Anbieter ist die Google Inc., 1600 Amphitheatre Parkway Mountain View, CA 94043, USA.<\/p>\n<p>Erfassung und Weitergabe von Informationen: Mithilfe der Google+-Schaltfl\u00e4che k\u00f6nnen Sie Informationen weltweit ver\u00f6ffentlichen. \u00dcber die Google+-Schaltfl\u00e4che erhalten Sie und andere Nutzer personalisierte Inhalte von Google und unseren Partnern. Google speichert sowohl die Information, dass Sie f\u00fcr einen Inhalt +1 gegeben haben, als auch Informationen \u00fcber die Seite, die Sie beim Klicken auf +1 angesehen haben. Ihre +1 k\u00f6nnen als Hinweise zusammen mit Ihrem Profilnamen und Ihrem Foto in Google-Diensten, wie etwa in Suchergebnissen oder in Ihrem Google-Profil, oder an anderen Stellen auf Websites und Anzeigen im Internet eingeblendet werden.<\/p>\n<p>Google zeichnet Informationen \u00fcber Ihre +1-Aktivit\u00e4ten auf, um die Google-Dienste f\u00fcr Sie und andere zu verbessern. Um die Google+-Schaltfl\u00e4che verwenden zu k\u00f6nnen, ben\u00f6tigen Sie ein weltweit sichtbares, \u00f6ffentliches Google-Profil, das zumindest den f\u00fcr das Profil gew\u00e4hlten Namen enthalten muss. Dieser Name wird in allen Google-Diensten verwendet. In manchen F\u00e4llen kann dieser Name auch einen anderen Namen ersetzen, den Sie beim Teilen von Inhalten \u00fcber Ihr Google-Konto verwendet haben. Die Identit\u00e4t Ihres Google-Profils kann Nutzern angezeigt werden, die Ihre E-Mail-Adresse kennen oder \u00fcber andere identifizierende Informationen von Ihnen verf\u00fcgen.<\/p>\n<p>Verwendung der erfassten Informationen: Neben den oben erl\u00e4uterten Verwendungszwecken werden die von Ihnen bereitgestellten Informationen gem\u00e4\u00df den geltenden Google-Datenschutzbestimmungen genutzt. Google ver\u00f6ffentlicht m\u00f6glicherweise zusammengefasste Statistiken \u00fcber die +1-Aktivit\u00e4ten der Nutzer bzw. gibt diese an Nutzer und Partner weiter, wie etwa Publisher, Inserenten oder verbundene Websites.<\/p>\n<p><strong>Instagram<\/strong><\/p>\n<p>Auf unseren Seiten sind Funktionen des Dienstes Instagram eingebunden. Diese Funktionen werden angeboten durch die Instagram Inc., 1601 Willow Road, Menlo Park, CA, 94025, USA integriert. Wenn Sie in Ihrem Instagram-Account eingeloggt sind k\u00f6nnen Sie durch Anklicken des Instagram-Buttons die Inhalte unserer Seiten mit Ihrem Instagram- Profil verlinken. Dadurch kann Instagram den Besuch unserer Seiten Ihrem Benutzerkonto zuordnen. Wir weisen darauf hin, dass wir als Anbieter der Seiten keine Kenntnis vom Inhalt der u?bermittelten Daten sowie deren Nutzung durch Instagram erhalten.<\/p>\n<p>Weitere Informationen hierzu finden Sie in der Datenschutzerkl\u00e4rung von Instagram: https:\/\/instagram.com\/about\/legal\/privacy\/<\/p>\n<p><strong>LinkedIn<\/strong><\/p>\n<p>Unsere Website nutzt Funktionen des Netzwerks LinkedIn. Anbieter ist die LinkedIn Corporation, 2029 Stierlin Court, Mountain View, CA 94043, USA. Bei jedem Abruf einer unserer Seiten, die Funktionen von LinkedIn enth\u00e4lt, wird eine Verbindung zu Servern von LinkedIn aufbaut. LinkedIn wird dar\u00fcber informiert, dass Sie unsere Internetseiten mit Ihrer IP-Adresse besucht haben. Wenn Sie den &#8220;Recommend-Button&#8221; von LinkedIn anklicken und in Ihrem Account bei LinkedIn eingeloggt sind, ist es LinkedIn m\u00f6glich, Ihren Besuch auf unserer Internetseite Ihnen und Ihrem Benutzerkonto zuzuordnen. Wir weisen darauf hin, dass wir als Anbieter der Seiten keine Kenntnis vom Inhalt der \u00fcbermittelten Daten sowie deren Nutzung durch LinkedIn haben.<\/p>\n<p>Weitere Informationen hierzu finden Sie in der Datenschutzerkl\u00e4rung von LinkedIn unter: https:\/\/www.linkedin.com\/legal\/privacy-policy<\/p>\n<p><strong>Pinterest<\/strong><\/p>\n<p>Auf unserer Seite verwenden wir Social Plugins des sozialen Netzwerkes Pinterest, das von der Pinterest Inc., 808 Brannan Street San Francisco, CA 94103-490, USA (&#8220;Pinterest&#8221;) betrieben wird. Wenn Sie eine Seite aufrufen, die ein solches Plugin enth\u00e4lt, stellt Ihr Browser eine direkte Verbindung zu den Servern von Pinterest her. Das Plugin \u00fcbermittelt dabei Protokolldaten an den Server von Pinterest in die USA. Diese Protokolldaten enthalten m\u00f6glicherweise Ihre IP-Adresse, die Adresse der besuchten Websites, die ebenfalls Pinterest-Funktionen enthalten, Art und Einstellungen des Browsers, Datum und Zeitpunkt der Anfrage, Ihre Verwendungsweise von Pinterest sowie Cookies.<\/p>\n<p>Weitere Informationen zu Zweck, Umfang und weiterer Verarbeitung und Nutzung der Daten durch Pinterest sowie Ihre diesbez\u00fcglichen Rechte und M\u00f6glichkeiten zum Schutz Ihrer Privatsph\u00e4re finden Sie in den den Datenschutzhinweisen von Pinterest: https:\/\/about.pinterest.com\/de\/privacypolicy<\/p>\n<p><strong>SoundCloud<\/strong><\/p>\n<p>Auf unseren Seiten k\u00f6nnen Plugins des sozialen Netzwerks SoundCloud (SoundCloud Limited, Berners House, 47-48 Berners Street, London W1T 3NF, Gro\u00dfbritannien.) integriert sein. Die SoundCloud-Plugins erkennen Sie an dem SoundCloud-Logo auf den betroffenen Seiten.<\/p>\n<p>Wenn Sie unsere Seiten besuchen, wird nach Aktivierung des Plugin eine direkte Verbindung zwischen Ihrem Browser und dem SoundCloud-Server hergestellt. SoundCloud erh\u00e4lt dadurch die Information, dass Sie mit Ihrer IP-Adresse unsere Seite besucht haben. Wenn Sie den &#8220;Like-Button&#8221; oder &#8220;Share-Button&#8221; anklicken w\u00e4hrend Sie in Ihrem SoundCloud- Benutzerkonto eingeloggt sind, k\u00f6nnen Sie die Inhalte unserer Seiten mit Ihrem SoundCloud-Profil verlinken und\/oder teilen. Dadurch kann SoundCloud Ihrem Benutzerkonto den Besuch unserer Seiten zuordnen. Wir weisen darauf hin, dass wir als Anbieter der Seiten keine Kenntnis vom Inhalt der \u00fcbermittelten Daten sowie deren Nutzung durch SoundCloud erhalten. Weitere Informationen hierzu finden Sie in der Datenschutzerkl\u00e4rung von SoundCloud unter: https:\/\/soundcloud.com\/pages\/privacy<\/p>\n<p>Wenn Sie nicht w\u00fcnschen, dass Soundcloud den Besuch unserer Seiten Ihrem SoundCloud- Benutzerkonto zuordnet, loggen Sie sich bitte aus Ihrem SoundCloud-Benutzerkonto aus bevor Sie Inhalte des SoundCloud-Plugins aktivieren.<\/p>\n<p><strong>Spotify<\/strong><\/p>\n<p>Auf unseren Seiten sind Funktionen des Musik- Dienstes Spotify eingebunden. Anbieter ist die Spotify AB, Birger Jarlsgatan 61, 113 56 Stockholm in Schweden. Die Spotify PlugIns erkennen Sie an dem gr\u00fcnen Logo auf unserer Seite. Eine \u00dcbersicht \u00fcber die Spotify-PlugIns finden Sie unter https:\/\/developer.spotify.com<\/p>\n<p>Dadurch kann beim Besuch unserer Seiten \u00fcber das Plugin eine direkte Verbindung zwischen Ihrem Browser und dem Spotify-Server hergestellt werden. Spotify erh\u00e4lt dadurch die Information, dass Sie mit Ihrer IP-Adresse unsere Seite besucht haben. Wenn Sie den Spotify Button anklicken w\u00e4hrend Sie in Ihrem Spotify-Account eingeloggt sind, k\u00f6nnen Sie die Inhalte unserer Seiten auf Ihrem Spotify Profil verlinken. Dadurch kann Spotify den Besuch unserer Seiten Ihrem Benutzerkonto zuordnen.<\/p>\n<p>Weitere Informationen hierzu finden Sie in der Datenschutzerkl\u00e4rung von Spotify: https:\/\/www.spotify.com\/de\/legal\/privacy-policy\/<\/p>\n<p>Wenn Sie nicht w\u00fcnschen, dass Spotify den Besuch unserer Seiten Ihrem Spotify-Nutzerkonto zuordnen kann, loggen Sie sich bitte aus Ihrem Spotify-Benutzerkonto aus.<\/p>\n<p><strong>XING<\/strong><\/p>\n<p>Unsere Website nutzt Funktionen des Netzwerks XING. Anbieter ist die XING AG, Dammtorstra\u00dfe 29-32, 20354 Hamburg, Deutschland. Bei jedem Abruf einer unserer Seiten, die Funktionen von XING enth\u00e4lt, wird eine Verbindung zu Servern von XING hergestellt. Eine Speicherung von personenbezogenen Daten erfolgt dabei nach unserer Kenntnis nicht. Insbesondere werden keine IP-Adressen gespeichert oder das Nutzungsverhalten ausgewertet.<\/p>\n<p>Weitere Information zum Datenschutz und dem XING Share-Button finden Sie in der Datenschutzerkl\u00e4rung von XING unter: https:\/\/www.xing.com\/app\/share?op=data_protection<\/p>\n<p><strong>Tumblr<\/strong><\/p>\n<p>Unsere Seiten nutzen Schaltfl\u00e4chen des Dienstes Tumblr. Anbieter ist die Tumblr, Inc., 35 East 21st St, 10th Floor, New York, NY 10010, USA. Diese Schaltfl\u00e4chen erm\u00f6glichen es Ihnen, einen Beitrag oder eine Seite bei Tumblr zu teilen oder dem Anbieter bei Tumblr zu folgen. Wenn Sie eine unserer Websites mit Tumblr-Button aufrufen, baut der Browser eine direkte Verbindung mit den Servern von Tumblr auf. Wir haben keinen Einfluss auf den Umfang der Daten, die Tumblr mit Hilfe dieses Plugins erhebt und \u00fcbermittelt. Nach aktuellem Stand werden die IP-Adresse des Nutzers sowie die URL der jeweiligen Website \u00fcbermittelt.<\/p>\n<p>Weitere Informationen hierzu finden sich in der Datenschutzerkl\u00e4rung von Tumblr unter: https:\/\/www.tumblr.com\/policy\/de\/privacy.<\/p>\n<p><strong>YouTube<\/strong><\/p>\n<p>Unsere Website nutzt Plugins der von Google betriebenen Seite YouTube. Betreiber der Seiten ist die YouTube, LLC, 901 Cherry Ave., San Bruno, CA 94066, USA. Wenn Sie eine unserer mit einem YouTube- Plugin ausgestatteten Seiten besuchen, wird eine Verbindung zu den Servern von YouTube hergestellt. Dabei wird dem Youtube-Server mitgeteilt, welche unserer Seiten Sie besucht haben.<\/p>\n<p>Wenn Sie in Ihrem YouTube-Account eingeloggt sind erm\u00f6glichen Sie YouTube, Ihr Surfverhalten direkt Ihrem pers\u00f6nlichen Profil zuzuordnen. Dies k\u00f6nnen Sie verhindern, indem Sie sich aus Ihrem YouTube-Account ausloggen.<\/p>\n<p>Weitere Informationen zum Umgang von Nutzerdaten finden Sie in der Datenschutzerkl\u00e4rung von YouTube unter: https:\/\/www.google.de\/intl\/de\/policies\/privacy<\/p>\n<p><strong>SSLVerschl\u00fcsselung<\/strong><\/p>\n<p>Diese Seite nutzt aus Gr\u00fcnden der Sicherheit und zum Schutz der \u00dcbertragung vertraulicher Inhalte, wie zum Beispiel der Anfragen, die Sie an uns als Seitenbetreiber senden, eine SSL-Verschl\u00fcsselung. Eine verschl\u00fcsselte Verbindung erkennen Sie daran, dass die Adresszeile des Browsers von &#8220;http:\/\/&#8221; auf &#8220;https:\/\/&#8221; wechselt und an dem Schloss-Symbol in Ihrer Browserzeile.<\/p>\n<p>Wenn die SSL Verschl\u00fcsselung aktiviert ist, k\u00f6nnen die Daten, die Sie an uns \u00fcbermitteln, nicht von Dritten mitgelesen werden.<\/p>\n<p><strong>Recht auf Auskunft, L\u00f6schung, Sperrung<\/strong><\/p>\n<p>Sie haben jederzeit das Recht auf unentgeltliche Auskunft \u00fcber Ihre gespeicherten personenbezogenen Daten, deren Herkunft und Empf\u00e4nger und den Zweck der Datenverarbeitung sowie ein Recht auf Berichtigung, Sperrung oder L\u00f6schung dieser Daten. Hierzu sowie zu weiteren Fragen zum Thema personenbezogene Daten k\u00f6nnen Sie sich jederzeit unter der im Impressum angegebenen Adresse an uns wenden.<\/p>\n<p><strong>Widerspruch Werbe-Mails<\/strong><\/p>\n<p>Der Nutzung von im Rahmen der Impressumspflicht ver\u00f6ffentlichten Kontaktdaten zur \u00dcbersendung von nicht ausdr\u00fccklich angeforderter Werbung und Informationsmaterialien wird hiermit widersprochen. Die Betreiber der Seiten behalten sich ausdr\u00fccklich rechtliche Schritte im Falle der unverlangten Zusendung von Werbeinformationen, etwa durch Spam-E-Mails, vor.<\/p>\n","protected":false},"excerpt":{"rendered":"<p>DSGVO Datenschutz Die Betreiber dieser Seiten nehmen den Schutz Ihrer pers\u00f6nlichen Daten sehr ernst. Wir behandeln Ihre personenbezogenen Daten vertraulich und entsprechend der gesetzlichen Datenschutzvorschriften sowie dieser Datenschutzerkl\u00e4rung. Die Nutzung unserer Website ist in der Regel ohne Angabe personenbezogener Daten m\u00f6glich. Soweit auf unseren Seiten personenbezogene Daten (beispielsweise Name, Anschrift oder E-Mail-Adressen) erhoben werden, erfolgt [&hellip;]<\/p>\n","protected":false},"author":1,"featured_media":0,"parent":0,"menu_order":0,"comment_status":"closed","ping_status":"closed","template":"","meta":[],"_links":{"self":[{"href":"https:\/\/nichtraucherin30tagen.de\/mobile\/index.php?rest_route=\/wp\/v2\/pages\/314"}],"collection":[{"href":"https:\/\/nichtraucherin30tagen.de\/mobile\/index.php?rest_route=\/wp\/v2\/pages"}],"about":[{"href":"https:\/\/nichtraucherin30tagen.de\/mobile\/index.php?rest_route=\/wp\/v2\/types\/page"}],"author":[{"embeddable":true,"href":"https:\/\/nichtraucherin30tagen.de\/mobile\/index.php?rest_route=\/wp\/v2\/users\/1"}],"replies":[{"embeddable":true,"href":"https:\/\/nichtraucherin30tagen.de\/mobile\/index.php?rest_route=%2Fwp%2Fv2%2Fcomments&post=314"}],"version-history":[{"count":1,"href":"https:\/\/nichtraucherin30tagen.de\/mobile\/index.php?rest_route=\/wp\/v2\/pages\/314\/revisions"}],"predecessor-version":[{"id":315,"href":"https:\/\/nichtraucherin30tagen.de\/mobile\/index.php?rest_route=\/wp\/v2\/pages\/314\/revisions\/315"}],"wp:attachment":[{"href":"https:\/\/nichtraucherin30tagen.de\/mobile\/index.php?rest_route=%2Fwp%2Fv2%2Fmedia&parent=314"}],"curies":[{"name":"wp","href":"https:\/\/api.w.org\/{rel}","templated":true}]}}